{"id":216,"date":"2021-07-18T19:50:47","date_gmt":"2021-07-18T17:50:47","guid":{"rendered":"http:\/\/www.organicstudio.net\/?page_id=216"},"modified":"2023-01-08T09:30:53","modified_gmt":"2023-01-08T08:30:53","slug":"tarifs","status":"publish","type":"page","link":"http:\/\/www.organicstudio.net\/index.php\/tarifs\/","title":{"rendered":"Tarifs"},"content":{"rendered":"\t\t<div data-elementor-type=\"wp-page\" data-elementor-id=\"216\" class=\"elementor elementor-216\">\n\t\t\t\t\t\t\t\t\t<section class=\"elementor-section elementor-top-section elementor-element elementor-element-86ba977 elementor-section-boxed elementor-section-height-default elementor-section-height-default\" data-id=\"86ba977\" data-element_type=\"section\" data-settings=\"{&quot;background_background&quot;:&quot;classic&quot;}\">\n\t\t\t\t\t\t<div class=\"elementor-container elementor-column-gap-default\">\n\t\t\t\t\t<div class=\"elementor-column elementor-col-100 elementor-top-column elementor-element elementor-element-5124ab0\" data-id=\"5124ab0\" data-element_type=\"column\">\n\t\t\t<div class=\"elementor-widget-wrap elementor-element-populated\">\n\t\t\t\t\t\t\t\t<section class=\"elementor-section elementor-inner-section elementor-element elementor-element-b96b3cf elementor-section-boxed elementor-section-height-default elementor-section-height-default\" data-id=\"b96b3cf\" data-element_type=\"section\" data-settings=\"{&quot;background_background&quot;:&quot;classic&quot;,&quot;animation&quot;:&quot;none&quot;}\">\n\t\t\t\t\t\t<div class=\"elementor-container elementor-column-gap-default\">\n\t\t\t\t\t<div class=\"elementor-column elementor-col-50 elementor-inner-column elementor-element elementor-element-9a1c0e8\" data-id=\"9a1c0e8\" data-element_type=\"column\">\n\t\t\t<div class=\"elementor-widget-wrap elementor-element-populated\">\n\t\t\t\t\t\t\t\t<div class=\"elementor-element elementor-element-3f29d6e elementor-view-default elementor-widget elementor-widget-icon\" data-id=\"3f29d6e\" data-element_type=\"widget\" data-widget_type=\"icon.default\">\n\t\t\t\t<div class=\"elementor-widget-container\">\n\t\t\t\t\t<div class=\"elementor-icon-wrapper\">\n\t\t\t<div class=\"elementor-icon\">\n\t\t\t<i aria-hidden=\"true\" class=\"fas fa-microphone-alt\"><\/i>\t\t\t<\/div>\n\t\t<\/div>\n\t\t\t\t<\/div>\n\t\t\t\t<\/div>\n\t\t\t\t<div class=\"elementor-element elementor-element-1a59ae3 elementor-widget elementor-widget-heading\" data-id=\"1a59ae3\" data-element_type=\"widget\" data-widget_type=\"heading.default\">\n\t\t\t\t<div class=\"elementor-widget-container\">\n\t\t\t<h3 class=\"elementor-heading-title elementor-size-default\">Enregistrement<\/h3>\t\t<\/div>\n\t\t\t\t<\/div>\n\t\t\t\t<div class=\"elementor-element elementor-element-e76b627 elementor-widget elementor-widget-text-editor\" data-id=\"e76b627\" data-element_type=\"widget\" data-widget_type=\"text-editor.default\">\n\t\t\t\t<div class=\"elementor-widget-container\">\n\t\t\t\t\t\t\t<p>Nous mettons \u00e0 votre disposition un parc micro et un ensemble de pr\u00e9-amplis haut de gamme. Il est possible d&rsquo;enregistrer en piste \u00e0 piste ou en live pour les formations de 3 ou 4 musiciens dans un environnement acoustique adapt\u00e9.<\/p><p>Nous pouvons \u00e9galement mettre en \u0153uvre notre \u00e9quipement mobile (Console Midas M32R Live), pour des enregistrements sur sc\u00e8ne.<\/p><h4>250 \u20ac \/ journ\u00e9e de studio (8h)<br \/>125 \u20ac \/ demi journ\u00e9e (4h)<br \/>280 \u20ac \/ journ\u00e9e d&rsquo;enregistrement live<\/h4><p>R\u00e9servation minimum d&rsquo;une journ\u00e9e<\/p><p><\/p>\t\t\t\t\t\t<\/div>\n\t\t\t\t<\/div>\n\t\t\t\t\t<\/div>\n\t\t<\/div>\n\t\t\t\t<div class=\"elementor-column elementor-col-50 elementor-inner-column elementor-element elementor-element-5bf0404\" data-id=\"5bf0404\" data-element_type=\"column\">\n\t\t\t<div class=\"elementor-widget-wrap elementor-element-populated\">\n\t\t\t\t\t\t\t\t<div class=\"elementor-element elementor-element-18b2cc1 elementor-view-default elementor-widget elementor-widget-icon\" data-id=\"18b2cc1\" data-element_type=\"widget\" data-widget_type=\"icon.default\">\n\t\t\t\t<div class=\"elementor-widget-container\">\n\t\t\t\t\t<div class=\"elementor-icon-wrapper\">\n\t\t\t<div class=\"elementor-icon\">\n\t\t\t<i aria-hidden=\"true\" class=\"fas fa-sliders-h\"><\/i>\t\t\t<\/div>\n\t\t<\/div>\n\t\t\t\t<\/div>\n\t\t\t\t<\/div>\n\t\t\t\t<div class=\"elementor-element elementor-element-e863c4a elementor-widget elementor-widget-heading\" data-id=\"e863c4a\" data-element_type=\"widget\" data-widget_type=\"heading.default\">\n\t\t\t\t<div class=\"elementor-widget-container\">\n\t\t\t<h3 class=\"elementor-heading-title elementor-size-default\">Mixage<\/h3>\t\t<\/div>\n\t\t\t\t<\/div>\n\t\t\t\t<div class=\"elementor-element elementor-element-7836254 elementor-widget elementor-widget-text-editor\" data-id=\"7836254\" data-element_type=\"widget\" data-widget_type=\"text-editor.default\">\n\t\t\t\t<div class=\"elementor-widget-container\">\n\t\t\t\t\t\t\t<p>A travers notre exp\u00e9rience et toujours \u00e0 l&rsquo;\u00e9coute de vos d\u00e9sirs artistiques, nous vous accompagnons dans l&rsquo;\u00e9tape primordiale du mixage. <span class=\"color_12\">Nous collaborerons \u00e0 chaque \u00e9tape du processus, pour produire un enregistrement final \u00e0 votre image.<\/span><\/p><p>Sommation analogique, plug-ins haut de gamme, monitoring de qualit\u00e9, nous mettons tout en \u0153uvre pour r\u00e9pondre \u00e0 vos envies.<\/p><h4>200 \u20ac \/ titre<\/h4><p>4 r\u00e9visions \u00e0 partir de la V1<\/p>\t\t\t\t\t\t<\/div>\n\t\t\t\t<\/div>\n\t\t\t\t\t<\/div>\n\t\t<\/div>\n\t\t\t\t\t\t\t<\/div>\n\t\t<\/section>\n\t\t\t\t<section class=\"elementor-section elementor-inner-section elementor-element elementor-element-9080b49 elementor-section-boxed elementor-section-height-default elementor-section-height-default\" data-id=\"9080b49\" data-element_type=\"section\">\n\t\t\t\t\t\t<div class=\"elementor-container elementor-column-gap-default\">\n\t\t\t\t\t<div class=\"elementor-column elementor-col-50 elementor-inner-column elementor-element elementor-element-6c74244\" data-id=\"6c74244\" data-element_type=\"column\">\n\t\t\t<div class=\"elementor-widget-wrap elementor-element-populated\">\n\t\t\t\t\t\t\t\t<div class=\"elementor-element elementor-element-72428d2 elementor-view-default elementor-widget elementor-widget-icon\" data-id=\"72428d2\" data-element_type=\"widget\" data-widget_type=\"icon.default\">\n\t\t\t\t<div class=\"elementor-widget-container\">\n\t\t\t\t\t<div class=\"elementor-icon-wrapper\">\n\t\t\t<div class=\"elementor-icon\">\n\t\t\t<i aria-hidden=\"true\" class=\"fas fa-record-vinyl\"><\/i>\t\t\t<\/div>\n\t\t<\/div>\n\t\t\t\t<\/div>\n\t\t\t\t<\/div>\n\t\t\t\t<div class=\"elementor-element elementor-element-60f4084 elementor-widget elementor-widget-heading\" data-id=\"60f4084\" data-element_type=\"widget\" data-widget_type=\"heading.default\">\n\t\t\t\t<div class=\"elementor-widget-container\">\n\t\t\t<h3 class=\"elementor-heading-title elementor-size-default\">Mastering<\/h3>\t\t<\/div>\n\t\t\t\t<\/div>\n\t\t\t\t<div class=\"elementor-element elementor-element-1b552d3 elementor-widget elementor-widget-text-editor\" data-id=\"1b552d3\" data-element_type=\"widget\" data-widget_type=\"text-editor.default\">\n\t\t\t\t<div class=\"elementor-widget-container\">\n\t\t\t\t\t\t\t<div>Cette \u00e9tape essentielle vous permettra de finaliser le mixage de vos morceaux avant de les diffuser. C&rsquo;est un peu la derni\u00e8re couche de lustre sur le mixage dont vous \u00eates si fier.<\/div><div>Il permet d&rsquo;adapter le r\u00e9sultat final en fonction de vos souhaits d&rsquo;exploitations, que ce soit pour une sortie physique (CD) ou pour une sortie num\u00e9rique (sites de streaming, youtube).<\/div><p><\/p><h4>70 \u20ac \/ titre<\/h4>\t\t\t\t\t\t<\/div>\n\t\t\t\t<\/div>\n\t\t\t\t\t<\/div>\n\t\t<\/div>\n\t\t\t\t<div class=\"elementor-column elementor-col-50 elementor-inner-column elementor-element elementor-element-7730b6a\" data-id=\"7730b6a\" data-element_type=\"column\">\n\t\t\t<div class=\"elementor-widget-wrap elementor-element-populated\">\n\t\t\t\t\t\t\t\t<div class=\"elementor-element elementor-element-6b13060 elementor-view-default elementor-widget elementor-widget-icon\" data-id=\"6b13060\" data-element_type=\"widget\" data-widget_type=\"icon.default\">\n\t\t\t\t<div class=\"elementor-widget-container\">\n\t\t\t\t\t<div class=\"elementor-icon-wrapper\">\n\t\t\t<div class=\"elementor-icon\">\n\t\t\t<i aria-hidden=\"true\" class=\"fas fa-music\"><\/i>\t\t\t<\/div>\n\t\t<\/div>\n\t\t\t\t<\/div>\n\t\t\t\t<\/div>\n\t\t\t\t<div class=\"elementor-element elementor-element-dd5c562 elementor-widget elementor-widget-heading\" data-id=\"dd5c562\" data-element_type=\"widget\" data-widget_type=\"heading.default\">\n\t\t\t\t<div class=\"elementor-widget-container\">\n\t\t\t<h3 class=\"elementor-heading-title elementor-size-default\">Arrangement<\/h3>\t\t<\/div>\n\t\t\t\t<\/div>\n\t\t\t\t<div class=\"elementor-element elementor-element-b770a46 elementor-widget elementor-widget-text-editor\" data-id=\"b770a46\" data-element_type=\"widget\" data-widget_type=\"text-editor.default\">\n\t\t\t\t<div class=\"elementor-widget-container\">\n\t\t\t\t\t\t\t<p>Fort de notre exp\u00e9rience dans divers domaines, nous proposons de vous \u00e9pauler dans la cr\u00e9ation de votre projet artistique.<\/p><p>Arrangement de titres que vous avez compos\u00e9s, mise en musique de vos textes, musique \u00e0 l&rsquo;image, cr\u00e9ation de bande son pour une pi\u00e8ce chor\u00e9graphique, beat hip hop, &#8230; Autant de projets sur lesquels nous sommes \u00e0 m\u00eame de vous accompagner.<\/p><h4>Tarif \u00e0 d\u00e9finir ensemble suivant le projet<\/h4>\t\t\t\t\t\t<\/div>\n\t\t\t\t<\/div>\n\t\t\t\t\t<\/div>\n\t\t<\/div>\n\t\t\t\t\t\t\t<\/div>\n\t\t<\/section>\n\t\t\t\t<section class=\"elementor-section elementor-inner-section elementor-element elementor-element-c96f754 elementor-section-boxed elementor-section-height-default elementor-section-height-default\" data-id=\"c96f754\" data-element_type=\"section\">\n\t\t\t\t\t\t<div class=\"elementor-container elementor-column-gap-default\">\n\t\t\t\t\t<div class=\"elementor-column elementor-col-33 elementor-inner-column elementor-element elementor-element-ad9fe62\" data-id=\"ad9fe62\" data-element_type=\"column\">\n\t\t\t<div class=\"elementor-widget-wrap elementor-element-populated\">\n\t\t\t\t\t\t\t\t<div class=\"elementor-element elementor-element-f14d482 elementor-position-top elementor-widget elementor-widget-image-box\" data-id=\"f14d482\" data-element_type=\"widget\" data-settings=\"{&quot;_animation&quot;:&quot;none&quot;}\" data-widget_type=\"image-box.default\">\n\t\t\t\t<div class=\"elementor-widget-container\">\n\t\t\t<div class=\"elementor-image-box-wrapper\"><figure class=\"elementor-image-box-img\"><img loading=\"lazy\" decoding=\"async\" width=\"300\" height=\"168\" src=\"http:\/\/www.organicstudio.net\/wp-content\/uploads\/2021\/08\/RectangleMic01-300x168.png\" class=\"attachment-medium size-medium wp-image-305\" alt=\"\" srcset=\"http:\/\/www.organicstudio.net\/wp-content\/uploads\/2021\/08\/RectangleMic01-300x168.png 300w, http:\/\/www.organicstudio.net\/wp-content\/uploads\/2021\/08\/RectangleMic01.png 600w\" sizes=\"(max-width: 300px) 100vw, 300px\" \/><\/figure><div class=\"elementor-image-box-content\"><h3 class=\"elementor-image-box-title\">Single<\/h3><p class=\"elementor-image-box-description\">Un titre<br>Une journ\u00e9e d'enregistrement<br>Une journ\u00e9e de mixage<br><h3 class=\"elementor-image-box-title\">400 \u20ac<\/h3><\/p><\/div><\/div>\t\t<\/div>\n\t\t\t\t<\/div>\n\t\t\t\t\t<\/div>\n\t\t<\/div>\n\t\t\t\t<div class=\"elementor-column elementor-col-33 elementor-inner-column elementor-element elementor-element-8843834\" data-id=\"8843834\" data-element_type=\"column\">\n\t\t\t<div class=\"elementor-widget-wrap elementor-element-populated\">\n\t\t\t\t\t\t\t\t<div class=\"elementor-element elementor-element-7711b21 elementor-position-top elementor-widget elementor-widget-image-box\" data-id=\"7711b21\" data-element_type=\"widget\" data-settings=\"{&quot;_animation&quot;:&quot;none&quot;}\" data-widget_type=\"image-box.default\">\n\t\t\t\t<div class=\"elementor-widget-container\">\n\t\t\t<div class=\"elementor-image-box-wrapper\"><figure class=\"elementor-image-box-img\"><img loading=\"lazy\" decoding=\"async\" width=\"300\" height=\"168\" src=\"http:\/\/www.organicstudio.net\/wp-content\/uploads\/2021\/08\/RectangleBandeAmp01-300x168.png\" class=\"attachment-medium size-medium wp-image-302\" alt=\"\" srcset=\"http:\/\/www.organicstudio.net\/wp-content\/uploads\/2021\/08\/RectangleBandeAmp01-300x168.png 300w, http:\/\/www.organicstudio.net\/wp-content\/uploads\/2021\/08\/RectangleBandeAmp01.png 600w\" sizes=\"(max-width: 300px) 100vw, 300px\" \/><\/figure><div class=\"elementor-image-box-content\"><h3 class=\"elementor-image-box-title\">EP<\/h3><p class=\"elementor-image-box-description\">Cinq titres<br>Quatre jours d'enregistrement<br>Quatre jours de mixage<br><h3 class=\"elementor-image-box-title\">1 600 \u20ac<\/h3> <\/p><\/div><\/div>\t\t<\/div>\n\t\t\t\t<\/div>\n\t\t\t\t\t<\/div>\n\t\t<\/div>\n\t\t\t\t<div class=\"elementor-column elementor-col-33 elementor-inner-column elementor-element elementor-element-d47305c\" data-id=\"d47305c\" data-element_type=\"column\">\n\t\t\t<div class=\"elementor-widget-wrap elementor-element-populated\">\n\t\t\t\t\t\t\t\t<div class=\"elementor-element elementor-element-6854956 elementor-position-top elementor-widget elementor-widget-image-box\" data-id=\"6854956\" data-element_type=\"widget\" data-settings=\"{&quot;_animation&quot;:&quot;none&quot;}\" data-widget_type=\"image-box.default\">\n\t\t\t\t<div class=\"elementor-widget-container\">\n\t\t\t<div class=\"elementor-image-box-wrapper\"><figure class=\"elementor-image-box-img\"><img loading=\"lazy\" decoding=\"async\" width=\"300\" height=\"168\" src=\"http:\/\/www.organicstudio.net\/wp-content\/uploads\/2021\/08\/RectangleDesk-300x168.png\" class=\"attachment-medium size-medium wp-image-300\" alt=\"\" srcset=\"http:\/\/www.organicstudio.net\/wp-content\/uploads\/2021\/08\/RectangleDesk-300x168.png 300w, http:\/\/www.organicstudio.net\/wp-content\/uploads\/2021\/08\/RectangleDesk.png 600w\" sizes=\"(max-width: 300px) 100vw, 300px\" \/><\/figure><div class=\"elementor-image-box-content\"><h3 class=\"elementor-image-box-title\">Album<\/h3><p class=\"elementor-image-box-description\">Dix titres<br>Six jours d'enregistrement<br>Six jours de mixage<br><h3 class=\"elementor-image-box-title\">2 800 \u20ac<\/h3><\/p><\/div><\/div>\t\t<\/div>\n\t\t\t\t<\/div>\n\t\t\t\t\t<\/div>\n\t\t<\/div>\n\t\t\t\t\t\t\t<\/div>\n\t\t<\/section>\n\t\t\t\t\t<\/div>\n\t\t<\/div>\n\t\t\t\t\t\t\t<\/div>\n\t\t<\/section>\n\t\t\t\t\t\t\t<\/div>\n\t\t","protected":false},"excerpt":{"rendered":"<p>Enregistrement Nous mettons \u00e0 votre disposition un parc micro et un ensemble de pr\u00e9-amplis haut de gamme. Il est possible d&rsquo;enregistrer en piste \u00e0 piste ou en live pour les formations de 3 ou 4 musiciens dans un environnement acoustique adapt\u00e9. Nous pouvons \u00e9galement mettre en \u0153uvre notre \u00e9quipement mobile [&hellip;]<\/p>\n","protected":false},"author":1,"featured_media":0,"parent":0,"menu_order":0,"comment_status":"closed","ping_status":"closed","template":"","meta":{"footnotes":""},"_links":{"self":[{"href":"http:\/\/www.organicstudio.net\/index.php\/wp-json\/wp\/v2\/pages\/216"}],"collection":[{"href":"http:\/\/www.organicstudio.net\/index.php\/wp-json\/wp\/v2\/pages"}],"about":[{"href":"http:\/\/www.organicstudio.net\/index.php\/wp-json\/wp\/v2\/types\/page"}],"author":[{"embeddable":true,"href":"http:\/\/www.organicstudio.net\/index.php\/wp-json\/wp\/v2\/users\/1"}],"replies":[{"embeddable":true,"href":"http:\/\/www.organicstudio.net\/index.php\/wp-json\/wp\/v2\/comments?post=216"}],"version-history":[{"count":91,"href":"http:\/\/www.organicstudio.net\/index.php\/wp-json\/wp\/v2\/pages\/216\/revisions"}],"predecessor-version":[{"id":632,"href":"http:\/\/www.organicstudio.net\/index.php\/wp-json\/wp\/v2\/pages\/216\/revisions\/632"}],"wp:attachment":[{"href":"http:\/\/www.organicstudio.net\/index.php\/wp-json\/wp\/v2\/media?parent=216"}],"curies":[{"name":"wp","href":"https:\/\/api.w.org\/{rel}","templated":true}]}}